{"id":205,"date":"2018-06-28T12:00:14","date_gmt":"2018-06-28T10:00:14","guid":{"rendered":"http:\/\/s332084703.mialojamiento.es\/Blogs2018\/Matematicas\/wordpress\/?page_id=205"},"modified":"2018-09-12T18:06:12","modified_gmt":"2018-09-12T16:06:12","slug":"4o-eso","status":"publish","type":"page","link":"https:\/\/matematicas.blogscolegioromareda.com\/?page_id=205","title":{"rendered":"4\u00ba ESO"},"content":{"rendered":"<h2><strong>Matem\u00e1ticas 4\u00ba ESO\u00a0<\/strong><\/h2>\n<p><a href=\"http:\/\/s332084703.mialojamiento.es\/Blogs2018\/Matematicas\/wordpress\/wp-content\/uploads\/2018\/09\/1-fin-cuadernillo-4\u00ba-ESO-actualizado.pdf\">Teor\u00eda y ejercicios de Matem\u00e1ticas Acad\u00e9micas 4\u00ba ESO<\/a><\/p>\n<p>Contenidos asignatura<\/p>\n","protected":false},"excerpt":{"rendered":"<p>Matem\u00e1ticas 4\u00ba ESO\u00a0 Teor\u00eda y ejercicios de Matem\u00e1ticas Acad\u00e9micas 4\u00ba ESO Contenidos asignatura<\/p>\n","protected":false},"author":2,"featured_media":0,"parent":0,"menu_order":0,"comment_status":"closed","ping_status":"closed","template":"","meta":[],"_links":{"self":[{"href":"https:\/\/matematicas.blogscolegioromareda.com\/index.php?rest_route=\/wp\/v2\/pages\/205"}],"collection":[{"href":"https:\/\/matematicas.blogscolegioromareda.com\/index.php?rest_route=\/wp\/v2\/pages"}],"about":[{"href":"https:\/\/matematicas.blogscolegioromareda.com\/index.php?rest_route=\/wp\/v2\/types\/page"}],"author":[{"embeddable":true,"href":"https:\/\/matematicas.blogscolegioromareda.com\/index.php?rest_route=\/wp\/v2\/users\/2"}],"replies":[{"embeddable":true,"href":"https:\/\/matematicas.blogscolegioromareda.com\/index.php?rest_route=%2Fwp%2Fv2%2Fcomments&post=205"}],"version-history":[{"count":3,"href":"https:\/\/matematicas.blogscolegioromareda.com\/index.php?rest_route=\/wp\/v2\/pages\/205\/revisions"}],"predecessor-version":[{"id":273,"href":"https:\/\/matematicas.blogscolegioromareda.com\/index.php?rest_route=\/wp\/v2\/pages\/205\/revisions\/273"}],"wp:attachment":[{"href":"https:\/\/matematicas.blogscolegioromareda.com\/index.php?rest_route=%2Fwp%2Fv2%2Fmedia&parent=205"}],"curies":[{"name":"wp","href":"https:\/\/api.w.org\/{rel}","templated":true}]}}