{"id":203,"date":"2018-06-28T12:00:02","date_gmt":"2018-06-28T10:00:02","guid":{"rendered":"http:\/\/s332084703.mialojamiento.es\/Blogs2018\/Matematicas\/wordpress\/?page_id=203"},"modified":"2018-09-11T19:15:42","modified_gmt":"2018-09-11T17:15:42","slug":"3o-eso","status":"publish","type":"page","link":"http:\/\/matematicas.blogscolegioromareda.com\/?page_id=203","title":{"rendered":"3\u00ba ESO"},"content":{"rendered":"<h2><strong>Matem\u00e1ticas acad\u00e9micas 3\u00ba ESO\u00a0<\/strong><\/h2>\n<p><a href=\"http:\/\/s332084703.mialojamiento.es\/Blogs2018\/Matematicas\/wordpress\/wp-content\/uploads\/2018\/09\/0-cuadernillo-3\u00ba-ESO-actualizado-28-6-18-1.pdf\">Teor\u00eda y ejercicios Matem\u00e1ticas acad\u00e9micas 3\u00ba ESO<\/a><\/p>\n<p>Contenidos asignatura<\/p>\n","protected":false},"excerpt":{"rendered":"<p>Matem\u00e1ticas acad\u00e9micas 3\u00ba ESO\u00a0 Teor\u00eda y ejercicios Matem\u00e1ticas acad\u00e9micas 3\u00ba ESO Contenidos asignatura<\/p>\n","protected":false},"author":2,"featured_media":0,"parent":0,"menu_order":0,"comment_status":"closed","ping_status":"closed","template":"","meta":[],"_links":{"self":[{"href":"http:\/\/matematicas.blogscolegioromareda.com\/index.php?rest_route=\/wp\/v2\/pages\/203"}],"collection":[{"href":"http:\/\/matematicas.blogscolegioromareda.com\/index.php?rest_route=\/wp\/v2\/pages"}],"about":[{"href":"http:\/\/matematicas.blogscolegioromareda.com\/index.php?rest_route=\/wp\/v2\/types\/page"}],"author":[{"embeddable":true,"href":"http:\/\/matematicas.blogscolegioromareda.com\/index.php?rest_route=\/wp\/v2\/users\/2"}],"replies":[{"embeddable":true,"href":"http:\/\/matematicas.blogscolegioromareda.com\/index.php?rest_route=%2Fwp%2Fv2%2Fcomments&post=203"}],"version-history":[{"count":4,"href":"http:\/\/matematicas.blogscolegioromareda.com\/index.php?rest_route=\/wp\/v2\/pages\/203\/revisions"}],"predecessor-version":[{"id":265,"href":"http:\/\/matematicas.blogscolegioromareda.com\/index.php?rest_route=\/wp\/v2\/pages\/203\/revisions\/265"}],"wp:attachment":[{"href":"http:\/\/matematicas.blogscolegioromareda.com\/index.php?rest_route=%2Fwp%2Fv2%2Fmedia&parent=203"}],"curies":[{"name":"wp","href":"https:\/\/api.w.org\/{rel}","templated":true}]}}